{"id":12,"date":"2025-06-23T12:19:27","date_gmt":"2025-06-23T15:19:27","guid":{"rendered":"https:\/\/requinservicos.com.br\/?page_id=12"},"modified":"2025-06-23T12:29:17","modified_gmt":"2025-06-23T15:29:17","slug":"elementor-12","status":"publish","type":"page","link":"https:\/\/requinservicos.com.br\/","title":{"rendered":"Home"},"content":{"rendered":"\t\t<div data-elementor-type=\"wp-page\" data-elementor-id=\"12\" class=\"elementor elementor-12\" data-elementor-post-type=\"page\">\n\t\t\t\t<div class=\"elementor-element elementor-element-d1a594c e-flex e-con-boxed e-con e-parent\" data-id=\"d1a594c\" data-element_type=\"container\">\n\t\t\t\t\t<div class=\"e-con-inner\">\n\t\t<div class=\"elementor-element elementor-element-47686f50 e-con-full e-flex e-con e-child\" data-id=\"47686f50\" data-element_type=\"container\">\n\t\t\t\t<\/div>\n\t\t<div class=\"elementor-element elementor-element-3ad93612 e-con-full e-flex e-con e-child\" data-id=\"3ad93612\" data-element_type=\"container\">\n\t\t\t\t<div class=\"elementor-element elementor-element-17b737d0 elementor-widget elementor-widget-image\" data-id=\"17b737d0\" data-element_type=\"widget\" data-widget_type=\"image.default\">\n\t\t\t\t<div class=\"elementor-widget-container\">\n\t\t\t\t\t\t\t\t\t\t\t\t\t\t\t<img decoding=\"async\" width=\"280\" height=\"59\" src=\"https:\/\/requinservicos.com.br\/wp-content\/uploads\/2025\/06\/Group-5.svg\" class=\"attachment-large size-large wp-image-15\" alt=\"\" \/>\t\t\t\t\t\t\t\t\t\t\t\t\t\t\t<\/div>\n\t\t\t\t<\/div>\n\t\t\t\t<div class=\"elementor-element elementor-element-556154e8 elementor-widget elementor-widget-heading\" data-id=\"556154e8\" data-element_type=\"widget\" data-widget_type=\"heading.default\">\n\t\t\t\t<div class=\"elementor-widget-container\">\n\t\t\t\t\t<h2 class=\"elementor-heading-title elementor-size-default\">Nosso site est\u00e1 em constru\u00e7\u00e3o. Enquanto isso, <b>baixe a apresenta\u00e7\u00e3o <\/b>para conhecer um pouco mais sobre a Requin<\/h2>\t\t\t\t<\/div>\n\t\t\t\t<\/div>\n\t\t\t\t<div class=\"elementor-element elementor-element-6a7f3651 elementor-align-center elementor-widget elementor-widget-button\" data-id=\"6a7f3651\" data-element_type=\"widget\" data-widget_type=\"button.default\">\n\t\t\t\t<div class=\"elementor-widget-container\">\n\t\t\t\t\t\t\t\t\t<div class=\"elementor-button-wrapper\">\n\t\t\t\t\t<a class=\"elementor-button elementor-button-link elementor-size-sm\" href=\"http:\/\/requinservicos.com.br\/wp-content\/uploads\/2025\/06\/Apresentacao-Requin-v3.pdf\" target=\"_blank\">\n\t\t\t\t\t\t<span class=\"elementor-button-content-wrapper\">\n\t\t\t\t\t\t\t\t\t<span class=\"elementor-button-text\">Baixar apresenta\u00e7\u00e3o<\/span>\n\t\t\t\t\t<\/span>\n\t\t\t\t\t<\/a>\n\t\t\t\t<\/div>\n\t\t\t\t\t\t\t\t<\/div>\n\t\t\t\t<\/div>\n\t\t\t\t<\/div>\n\t\t<div class=\"elementor-element elementor-element-89d1352 e-con-full e-flex e-con e-child\" data-id=\"89d1352\" data-element_type=\"container\">\n\t\t\t\t<\/div>\n\t\t\t\t\t<\/div>\n\t\t\t\t<\/div>\n\t\t<div class=\"elementor-element elementor-element-54cfbda2 e-con-full e-flex e-con e-parent\" data-id=\"54cfbda2\" data-element_type=\"container\">\n\t\t<div class=\"elementor-element elementor-element-23708cce e-con-full e-flex e-con e-child\" data-id=\"23708cce\" data-element_type=\"container\" data-settings=\"{&quot;background_background&quot;:&quot;classic&quot;}\">\n\t\t\t\t<\/div>\n\t\t<div class=\"elementor-element elementor-element-ba481bd e-con-full e-flex e-con e-child\" data-id=\"ba481bd\" data-element_type=\"container\" data-settings=\"{&quot;background_background&quot;:&quot;classic&quot;}\">\n\t\t\t\t<\/div>\n\t\t<div class=\"elementor-element elementor-element-3c10325a e-con-full e-flex e-con e-child\" data-id=\"3c10325a\" data-element_type=\"container\">\n\t\t\t\t<\/div>\n\t\t<div class=\"elementor-element elementor-element-8d4e258 e-con-full e-flex e-con e-child\" data-id=\"8d4e258\" data-element_type=\"container\" data-settings=\"{&quot;background_background&quot;:&quot;classic&quot;}\">\n\t\t\t\t<\/div>\n\t\t\t\t<\/div>\n\t\t\t\t<\/div>\n\t\t","protected":false},"excerpt":{"rendered":"<p>Nosso site est\u00e1 em constru\u00e7\u00e3o. Enquanto isso, baixe a apresenta\u00e7\u00e3o para conhecer um pouco mais sobre a Requin Baixar apresenta\u00e7\u00e3o<\/p>\n","protected":false},"author":1,"featured_media":0,"parent":0,"menu_order":0,"comment_status":"closed","ping_status":"closed","template":"elementor_canvas","meta":{"footnotes":""},"class_list":["post-12","page","type-page","status-publish","hentry"],"_links":{"self":[{"href":"https:\/\/requinservicos.com.br\/index.php\/wp-json\/wp\/v2\/pages\/12","targetHints":{"allow":["GET"]}}],"collection":[{"href":"https:\/\/requinservicos.com.br\/index.php\/wp-json\/wp\/v2\/pages"}],"about":[{"href":"https:\/\/requinservicos.com.br\/index.php\/wp-json\/wp\/v2\/types\/page"}],"author":[{"embeddable":true,"href":"https:\/\/requinservicos.com.br\/index.php\/wp-json\/wp\/v2\/users\/1"}],"replies":[{"embeddable":true,"href":"https:\/\/requinservicos.com.br\/index.php\/wp-json\/wp\/v2\/comments?post=12"}],"version-history":[{"count":16,"href":"https:\/\/requinservicos.com.br\/index.php\/wp-json\/wp\/v2\/pages\/12\/revisions"}],"predecessor-version":[{"id":46,"href":"https:\/\/requinservicos.com.br\/index.php\/wp-json\/wp\/v2\/pages\/12\/revisions\/46"}],"wp:attachment":[{"href":"https:\/\/requinservicos.com.br\/index.php\/wp-json\/wp\/v2\/media?parent=12"}],"curies":[{"name":"wp","href":"https:\/\/api.w.org\/{rel}","templated":true}]}}